{"id":1694,"date":"2021-04-07T01:55:50","date_gmt":"2021-04-07T01:55:50","guid":{"rendered":"https:\/\/apusthemes.com\/wp-demo\/superio\/?page_id=1694"},"modified":"2025-04-29T23:26:47","modified_gmt":"2025-04-29T20:26:47","slug":"is-ilani-yayinla","status":"publish","type":"page","link":"https:\/\/www.batmanburada.com.tr\/kariyer\/is-ilani-yayinla\/","title":{"rendered":"\u0130\u015f \u0130lan\u0131 Yay\u0131nla"},"content":{"rendered":"<div class=\"box-dashboard-wrapper\">\n\t<div class=\"alert alert-warning not-allow-wrapper\">\n\t\t<p class=\"account-sign-in\">Bu sayfaya eri\u015fmek i\u00e7in oturum a\u00e7man\u0131z gerekir. <a class=\"button\" href=\"https:\/\/www.batmanburada.com.tr\/kariyer\/giris-kayit\/\">Giri\u015f yap<\/a><\/p>\n\t<\/div><!-- \/.alert -->\n<\/div>\n","protected":false},"excerpt":{"rendered":"","protected":false},"author":1,"featured_media":0,"parent":0,"menu_order":0,"comment_status":"closed","ping_status":"closed","template":"page-dashboard.php","meta":{"footnotes":""},"class_list":["post-1694","page","type-page","status-publish","hentry"],"_links":{"self":[{"href":"https:\/\/www.batmanburada.com.tr\/kariyer\/wp-json\/wp\/v2\/pages\/1694","targetHints":{"allow":["GET"]}}],"collection":[{"href":"https:\/\/www.batmanburada.com.tr\/kariyer\/wp-json\/wp\/v2\/pages"}],"about":[{"href":"https:\/\/www.batmanburada.com.tr\/kariyer\/wp-json\/wp\/v2\/types\/page"}],"author":[{"embeddable":true,"href":"https:\/\/www.batmanburada.com.tr\/kariyer\/wp-json\/wp\/v2\/users\/1"}],"replies":[{"embeddable":true,"href":"https:\/\/www.batmanburada.com.tr\/kariyer\/wp-json\/wp\/v2\/comments?post=1694"}],"version-history":[{"count":1,"href":"https:\/\/www.batmanburada.com.tr\/kariyer\/wp-json\/wp\/v2\/pages\/1694\/revisions"}],"predecessor-version":[{"id":8649,"href":"https:\/\/www.batmanburada.com.tr\/kariyer\/wp-json\/wp\/v2\/pages\/1694\/revisions\/8649"}],"wp:attachment":[{"href":"https:\/\/www.batmanburada.com.tr\/kariyer\/wp-json\/wp\/v2\/media?parent=1694"}],"curies":[{"name":"wp","href":"https:\/\/api.w.org\/{rel}","templated":true}]}}