{"id":8364,"date":"2023-07-18T02:51:35","date_gmt":"2023-07-18T02:51:35","guid":{"rendered":"https:\/\/apusthemes.com\/wp-demo\/superio\/?page_id=8364"},"modified":"2025-04-29T23:38:06","modified_gmt":"2025-04-29T20:38:06","slug":"is-arayanlar","status":"publish","type":"page","link":"https:\/\/www.batmanburada.com.tr\/kariyer\/is-arayanlar\/","title":{"rendered":"\u0130\u015f Arayanlar"},"content":{"rendered":"<div class=\"candidates-listing-wrapper main-items-wrapper layout-type-list\" data-display_mode=\"list\">\n\t<div class=\"jobs-alert-ordering-wrapper\">\n<div class=\"results-count\">\n\t1114 sonu\u00e7tan <span class=\"first\">1<\/span> &ndash; <span class=\"last\">10<\/span> aral\u0131\u011f\u0131 g\u00f6steriliyor<\/div><div class=\"jobs-ordering-wrapper\">\n\t<form class=\"jobs-ordering\" method=\"get\" action=\"https:\/\/www.batmanburada.com.tr\/kariyer\/is-arayanlar\/\">\n\t\t<select name=\"filter-orderby\" class=\"orderby\">\n\t\t\t\t\t\t\t<option value=\"menu_order\"  selected='selected'>Varsay\u0131lan<\/option>\n\t\t\t\t\t\t\t<option value=\"newest\" >En Yeni \u0130lanlar<\/option>\n\t\t\t\t\t\t\t<option value=\"oldest\" >En Eski \u0130lanlar<\/option>\n\t\t\t\t\t\t\t<option value=\"random\" >Rastgele<\/option>\n\t\t\t\t\t<\/select>\n\t\t<input type=\"hidden\" name=\"paged\" value=\"1\" \/>\n\t\t\t<\/form>\n<\/div>\n    <form method=\"get\" action=\"https:\/\/www.batmanburada.com.tr\/kariyer\/is-arayanlar\/\" class=\"form-superio-ppp\">\n        \n    \t<select name=\"candidates_ppp\" onchange=\"this.form.submit()\">\n                            <option value=\"10\"  selected='selected'>\n                \tSayfa Ba\u015f\u0131 10 \u0130lan                <\/option>\n                            <option value=\"20\" >\n                \tSayfa Ba\u015f\u0131 20 \u0130lan                <\/option>\n                            <option value=\"40\" >\n                \tSayfa Ba\u015f\u0131 40 \u0130lan                <\/option>\n                            <option value=\"80\" >\n                \tSayfa Ba\u015f\u0131 80 \u0130lan                <\/option>\n                            <option value=\"160\" >\n                \tSayfa Ba\u015f\u0131 160 \u0130lan                <\/option>\n                            <option value=\"320\" >\n                \tSayfa Ba\u015f\u0131 320 \u0130lan                <\/option>\n                            <option value=\"640\" >\n                \tSayfa Ba\u015f\u0131 640 \u0130lan                <\/option>\n                            <option value=\"-1\" >\n                \tT\u00fcm\u00fc                <\/option>\n                    <\/select>\n\n        <input type=\"hidden\" name=\"paged\" value=\"1\" \/>\n\t\t    <\/form>\n    <\/div>\n\t\n\t\t<div class=\"candidates-wrapper items-wrapper\">\n\t\t\t\t\t\t\t<div class=\"row\">\n\t\t\t\t\t\t\t\t\t\t\t<div class=\"col-xs-12\">\n\t\t\t\t\t\t\t\n\n<article id=\"post-11897\" class=\"map-item candidate-card post-11897 candidate type-candidate status-publish hentry\" data-latitude=\"\" data-longitude=\"\" data-img=\"\">\n    <div class=\"candidate-list candidate-archive-layout\">\n        \n        <div class=\"flex-middle-sm\">\n            <div class=\"candidate-info\">\n                <div class=\"flex-middle\">\n                        <div class=\"candidate-logo\">\n                    <a href=\"https:\/\/www.batmanburada.com.tr\/kariyer\/aday\/alkanrenas95\/\">\n                                            <img decoding=\"async\" src=\"https:\/\/www.batmanburada.com.tr\/kariyer\/wp-content\/themes\/superio\/images\/placeholder.png\" alt=\"alkanrenas95\">\n                                    <\/a>\n            <\/div>\n                        <div class=\"candidate-info-content\">\n                        <div class=\"title-wrapper\">\n                            \n                                                        <h2 class=\"candidate-title\">\n                                <a href=\"https:\/\/www.batmanburada.com.tr\/kariyer\/aday\/alkanrenas95\/\" rel=\"bookmark\">\n                                    a*****5                                <\/a>\n                            <\/h2>\n\n                                                    <\/div>\n                        <div class=\"job-metas\">\n                                                                                                            <\/div>\n                                            <\/div>\n                <\/div>\n            <\/div>\n            <div class=\"ali-right\">\n                <a title=\"Shortlist\" href=\"javascript:void(0);\" class=\"btn-action-job btn-add-candidate-shortlist btn-follow\" data-candidate_id=\"11897\" data-nonce=\"2ed80d4d8d\"><span class=\"text hidden\">Shortlist<\/span><i class=\"flaticon-bookmark\"><\/i><\/a>                <a href=\"https:\/\/www.batmanburada.com.tr\/kariyer\/aday\/alkanrenas95\/\" class=\"btn btn-theme-lighten\">Profili G\u00f6r\u00fcnt\u00fcle<\/a>\n            <\/div>\n        <\/div>\n\n    <\/div>\n<\/article><!-- #post# -->\n\t\t\t\t\t\t<\/div>\n\t\t\t\t\t\t\t\t\t\t\t<div class=\"col-xs-12\">\n\t\t\t\t\t\t\t\n\n<article id=\"post-11895\" class=\"map-item candidate-card post-11895 candidate type-candidate status-publish hentry\" data-latitude=\"\" data-longitude=\"\" data-img=\"\">\n    <div class=\"candidate-list candidate-archive-layout\">\n        \n        <div class=\"flex-middle-sm\">\n            <div class=\"candidate-info\">\n                <div class=\"flex-middle\">\n                        <div class=\"candidate-logo\">\n                    <a href=\"https:\/\/www.batmanburada.com.tr\/kariyer\/aday\/f02546231\/\">\n                                            <img decoding=\"async\" src=\"https:\/\/www.batmanburada.com.tr\/kariyer\/wp-content\/themes\/superio\/images\/placeholder.png\" alt=\"f02546231\">\n                                    <\/a>\n            <\/div>\n                        <div class=\"candidate-info-content\">\n                        <div class=\"title-wrapper\">\n                            \n                                                        <h2 class=\"candidate-title\">\n                                <a href=\"https:\/\/www.batmanburada.com.tr\/kariyer\/aday\/f02546231\/\" rel=\"bookmark\">\n                                    f*****1                                <\/a>\n                            <\/h2>\n\n                                                    <\/div>\n                        <div class=\"job-metas\">\n                                                                                                            <\/div>\n                                            <\/div>\n                <\/div>\n            <\/div>\n            <div class=\"ali-right\">\n                <a title=\"Shortlist\" href=\"javascript:void(0);\" class=\"btn-action-job btn-add-candidate-shortlist btn-follow\" data-candidate_id=\"11895\" data-nonce=\"2ed80d4d8d\"><span class=\"text hidden\">Shortlist<\/span><i class=\"flaticon-bookmark\"><\/i><\/a>                <a href=\"https:\/\/www.batmanburada.com.tr\/kariyer\/aday\/f02546231\/\" class=\"btn btn-theme-lighten\">Profili G\u00f6r\u00fcnt\u00fcle<\/a>\n            <\/div>\n        <\/div>\n\n    <\/div>\n<\/article><!-- #post# -->\n\t\t\t\t\t\t<\/div>\n\t\t\t\t\t\t\t\t\t\t\t<div class=\"col-xs-12\">\n\t\t\t\t\t\t\t\n\n<article id=\"post-11893\" class=\"map-item candidate-card post-11893 candidate type-candidate status-publish hentry\" data-latitude=\"\" data-longitude=\"\" data-img=\"\">\n    <div class=\"candidate-list candidate-archive-layout\">\n        \n        <div class=\"flex-middle-sm\">\n            <div class=\"candidate-info\">\n                <div class=\"flex-middle\">\n                        <div class=\"candidate-logo\">\n                    <a href=\"https:\/\/www.batmanburada.com.tr\/kariyer\/aday\/mahirarslan\/\">\n                                            <img decoding=\"async\" src=\"https:\/\/www.batmanburada.com.tr\/kariyer\/wp-content\/themes\/superio\/images\/placeholder.png\" alt=\"mahirarslan\">\n                                    <\/a>\n            <\/div>\n                        <div class=\"candidate-info-content\">\n                        <div class=\"title-wrapper\">\n                            \n                                                        <h2 class=\"candidate-title\">\n                                <a href=\"https:\/\/www.batmanburada.com.tr\/kariyer\/aday\/mahirarslan\/\" rel=\"bookmark\">\n                                    m*****n                                <\/a>\n                            <\/h2>\n\n                                                    <\/div>\n                        <div class=\"job-metas\">\n                                                                                                            <\/div>\n                                            <\/div>\n                <\/div>\n            <\/div>\n            <div class=\"ali-right\">\n                <a title=\"Shortlist\" href=\"javascript:void(0);\" class=\"btn-action-job btn-add-candidate-shortlist btn-follow\" data-candidate_id=\"11893\" data-nonce=\"2ed80d4d8d\"><span class=\"text hidden\">Shortlist<\/span><i class=\"flaticon-bookmark\"><\/i><\/a>                <a href=\"https:\/\/www.batmanburada.com.tr\/kariyer\/aday\/mahirarslan\/\" class=\"btn btn-theme-lighten\">Profili G\u00f6r\u00fcnt\u00fcle<\/a>\n            <\/div>\n        <\/div>\n\n    <\/div>\n<\/article><!-- #post# -->\n\t\t\t\t\t\t<\/div>\n\t\t\t\t\t\t\t\t\t\t\t<div class=\"col-xs-12\">\n\t\t\t\t\t\t\t\n\n<article id=\"post-11891\" class=\"map-item candidate-card post-11891 candidate type-candidate status-publish hentry\" data-latitude=\"\" data-longitude=\"\" data-img=\"\">\n    <div class=\"candidate-list candidate-archive-layout\">\n        \n        <div class=\"flex-middle-sm\">\n            <div class=\"candidate-info\">\n                <div class=\"flex-middle\">\n                        <div class=\"candidate-logo\">\n                    <a href=\"https:\/\/www.batmanburada.com.tr\/kariyer\/aday\/cerebkocaman\/\">\n                                            <img decoding=\"async\" src=\"https:\/\/www.batmanburada.com.tr\/kariyer\/wp-content\/themes\/superio\/images\/placeholder.png\" alt=\"cerebkocaman\">\n                                    <\/a>\n            <\/div>\n                        <div class=\"candidate-info-content\">\n                        <div class=\"title-wrapper\">\n                            \n                                                        <h2 class=\"candidate-title\">\n                                <a href=\"https:\/\/www.batmanburada.com.tr\/kariyer\/aday\/cerebkocaman\/\" rel=\"bookmark\">\n                                    c*****n                                <\/a>\n                            <\/h2>\n\n                                                    <\/div>\n                        <div class=\"job-metas\">\n                                                                                                            <\/div>\n                                            <\/div>\n                <\/div>\n            <\/div>\n            <div class=\"ali-right\">\n                <a title=\"Shortlist\" href=\"javascript:void(0);\" class=\"btn-action-job btn-add-candidate-shortlist btn-follow\" data-candidate_id=\"11891\" data-nonce=\"2ed80d4d8d\"><span class=\"text hidden\">Shortlist<\/span><i class=\"flaticon-bookmark\"><\/i><\/a>                <a href=\"https:\/\/www.batmanburada.com.tr\/kariyer\/aday\/cerebkocaman\/\" class=\"btn btn-theme-lighten\">Profili G\u00f6r\u00fcnt\u00fcle<\/a>\n            <\/div>\n        <\/div>\n\n    <\/div>\n<\/article><!-- #post# -->\n\t\t\t\t\t\t<\/div>\n\t\t\t\t\t\t\t\t\t\t\t<div class=\"col-xs-12\">\n\t\t\t\t\t\t\t\n\n<article id=\"post-11889\" class=\"map-item candidate-card post-11889 candidate type-candidate status-publish hentry\" data-latitude=\"\" data-longitude=\"\" data-img=\"\">\n    <div class=\"candidate-list candidate-archive-layout\">\n        \n        <div class=\"flex-middle-sm\">\n            <div class=\"candidate-info\">\n                <div class=\"flex-middle\">\n                        <div class=\"candidate-logo\">\n                    <a href=\"https:\/\/www.batmanburada.com.tr\/kariyer\/aday\/savasg222\/\">\n                                            <img decoding=\"async\" src=\"https:\/\/www.batmanburada.com.tr\/kariyer\/wp-content\/themes\/superio\/images\/placeholder.png\" alt=\"savasg222\">\n                                    <\/a>\n            <\/div>\n                        <div class=\"candidate-info-content\">\n                        <div class=\"title-wrapper\">\n                            \n                                                        <h2 class=\"candidate-title\">\n                                <a href=\"https:\/\/www.batmanburada.com.tr\/kariyer\/aday\/savasg222\/\" rel=\"bookmark\">\n                                    s*****2                                <\/a>\n                            <\/h2>\n\n                                                    <\/div>\n                        <div class=\"job-metas\">\n                                                                                                            <\/div>\n                                            <\/div>\n                <\/div>\n            <\/div>\n            <div class=\"ali-right\">\n                <a title=\"Shortlist\" href=\"javascript:void(0);\" class=\"btn-action-job btn-add-candidate-shortlist btn-follow\" data-candidate_id=\"11889\" data-nonce=\"2ed80d4d8d\"><span class=\"text hidden\">Shortlist<\/span><i class=\"flaticon-bookmark\"><\/i><\/a>                <a href=\"https:\/\/www.batmanburada.com.tr\/kariyer\/aday\/savasg222\/\" class=\"btn btn-theme-lighten\">Profili G\u00f6r\u00fcnt\u00fcle<\/a>\n            <\/div>\n        <\/div>\n\n    <\/div>\n<\/article><!-- #post# -->\n\t\t\t\t\t\t<\/div>\n\t\t\t\t\t\t\t\t\t\t\t<div class=\"col-xs-12\">\n\t\t\t\t\t\t\t\n\n<article id=\"post-11887\" class=\"map-item candidate-card post-11887 candidate type-candidate status-publish hentry\" data-latitude=\"\" data-longitude=\"\" data-img=\"\">\n    <div class=\"candidate-list candidate-archive-layout\">\n        \n        <div class=\"flex-middle-sm\">\n            <div class=\"candidate-info\">\n                <div class=\"flex-middle\">\n                        <div class=\"candidate-logo\">\n                    <a href=\"https:\/\/www.batmanburada.com.tr\/kariyer\/aday\/ftmgkhn160\/\">\n                                            <img decoding=\"async\" src=\"https:\/\/www.batmanburada.com.tr\/kariyer\/wp-content\/themes\/superio\/images\/placeholder.png\" alt=\"ftmgkhn160\">\n                                    <\/a>\n            <\/div>\n                        <div class=\"candidate-info-content\">\n                        <div class=\"title-wrapper\">\n                            \n                                                        <h2 class=\"candidate-title\">\n                                <a href=\"https:\/\/www.batmanburada.com.tr\/kariyer\/aday\/ftmgkhn160\/\" rel=\"bookmark\">\n                                    f*****0                                <\/a>\n                            <\/h2>\n\n                                                    <\/div>\n                        <div class=\"job-metas\">\n                                                                                                            <\/div>\n                                            <\/div>\n                <\/div>\n            <\/div>\n            <div class=\"ali-right\">\n                <a title=\"Shortlist\" href=\"javascript:void(0);\" class=\"btn-action-job btn-add-candidate-shortlist btn-follow\" data-candidate_id=\"11887\" data-nonce=\"2ed80d4d8d\"><span class=\"text hidden\">Shortlist<\/span><i class=\"flaticon-bookmark\"><\/i><\/a>                <a href=\"https:\/\/www.batmanburada.com.tr\/kariyer\/aday\/ftmgkhn160\/\" class=\"btn btn-theme-lighten\">Profili G\u00f6r\u00fcnt\u00fcle<\/a>\n            <\/div>\n        <\/div>\n\n    <\/div>\n<\/article><!-- #post# -->\n\t\t\t\t\t\t<\/div>\n\t\t\t\t\t\t\t\t\t\t\t<div class=\"col-xs-12\">\n\t\t\t\t\t\t\t\n\n<article id=\"post-11885\" class=\"map-item candidate-card post-11885 candidate type-candidate status-publish hentry\" data-latitude=\"\" data-longitude=\"\" data-img=\"\">\n    <div class=\"candidate-list candidate-archive-layout\">\n        \n        <div class=\"flex-middle-sm\">\n            <div class=\"candidate-info\">\n                <div class=\"flex-middle\">\n                        <div class=\"candidate-logo\">\n                    <a href=\"https:\/\/www.batmanburada.com.tr\/kariyer\/aday\/hatun1753\/\">\n                                            <img decoding=\"async\" src=\"https:\/\/www.batmanburada.com.tr\/kariyer\/wp-content\/themes\/superio\/images\/placeholder.png\" alt=\"hatun1753\">\n                                    <\/a>\n            <\/div>\n                        <div class=\"candidate-info-content\">\n                        <div class=\"title-wrapper\">\n                            \n                                                        <h2 class=\"candidate-title\">\n                                <a href=\"https:\/\/www.batmanburada.com.tr\/kariyer\/aday\/hatun1753\/\" rel=\"bookmark\">\n                                    h*****3                                <\/a>\n                            <\/h2>\n\n                                                    <\/div>\n                        <div class=\"job-metas\">\n                                                                                                            <\/div>\n                                            <\/div>\n                <\/div>\n            <\/div>\n            <div class=\"ali-right\">\n                <a title=\"Shortlist\" href=\"javascript:void(0);\" class=\"btn-action-job btn-add-candidate-shortlist btn-follow\" data-candidate_id=\"11885\" data-nonce=\"2ed80d4d8d\"><span class=\"text hidden\">Shortlist<\/span><i class=\"flaticon-bookmark\"><\/i><\/a>                <a href=\"https:\/\/www.batmanburada.com.tr\/kariyer\/aday\/hatun1753\/\" class=\"btn btn-theme-lighten\">Profili G\u00f6r\u00fcnt\u00fcle<\/a>\n            <\/div>\n        <\/div>\n\n    <\/div>\n<\/article><!-- #post# -->\n\t\t\t\t\t\t<\/div>\n\t\t\t\t\t\t\t\t\t\t\t<div class=\"col-xs-12\">\n\t\t\t\t\t\t\t\n\n<article id=\"post-11883\" class=\"map-item candidate-card post-11883 candidate type-candidate status-publish hentry\" data-latitude=\"\" data-longitude=\"\" data-img=\"\">\n    <div class=\"candidate-list candidate-archive-layout\">\n        \n        <div class=\"flex-middle-sm\">\n            <div class=\"candidate-info\">\n                <div class=\"flex-middle\">\n                        <div class=\"candidate-logo\">\n                    <a href=\"https:\/\/www.batmanburada.com.tr\/kariyer\/aday\/asiyeaydin723421\/\">\n                                            <img decoding=\"async\" src=\"https:\/\/www.batmanburada.com.tr\/kariyer\/wp-content\/themes\/superio\/images\/placeholder.png\" alt=\"asiyeaydin723421\">\n                                    <\/a>\n            <\/div>\n                        <div class=\"candidate-info-content\">\n                        <div class=\"title-wrapper\">\n                            \n                                                        <h2 class=\"candidate-title\">\n                                <a href=\"https:\/\/www.batmanburada.com.tr\/kariyer\/aday\/asiyeaydin723421\/\" rel=\"bookmark\">\n                                    a*****1                                <\/a>\n                            <\/h2>\n\n                                                    <\/div>\n                        <div class=\"job-metas\">\n                                                                                                            <\/div>\n                                            <\/div>\n                <\/div>\n            <\/div>\n            <div class=\"ali-right\">\n                <a title=\"Shortlist\" href=\"javascript:void(0);\" class=\"btn-action-job btn-add-candidate-shortlist btn-follow\" data-candidate_id=\"11883\" data-nonce=\"2ed80d4d8d\"><span class=\"text hidden\">Shortlist<\/span><i class=\"flaticon-bookmark\"><\/i><\/a>                <a href=\"https:\/\/www.batmanburada.com.tr\/kariyer\/aday\/asiyeaydin723421\/\" class=\"btn btn-theme-lighten\">Profili G\u00f6r\u00fcnt\u00fcle<\/a>\n            <\/div>\n        <\/div>\n\n    <\/div>\n<\/article><!-- #post# -->\n\t\t\t\t\t\t<\/div>\n\t\t\t\t\t\t\t\t\t\t\t<div class=\"col-xs-12\">\n\t\t\t\t\t\t\t\n\n<article id=\"post-11881\" class=\"map-item candidate-card post-11881 candidate type-candidate status-publish hentry\" data-latitude=\"\" data-longitude=\"\" data-img=\"\">\n    <div class=\"candidate-list candidate-archive-layout\">\n        \n        <div class=\"flex-middle-sm\">\n            <div class=\"candidate-info\">\n                <div class=\"flex-middle\">\n                        <div class=\"candidate-logo\">\n                    <a href=\"https:\/\/www.batmanburada.com.tr\/kariyer\/aday\/ayazisa527\/\">\n                                            <img decoding=\"async\" src=\"https:\/\/www.batmanburada.com.tr\/kariyer\/wp-content\/themes\/superio\/images\/placeholder.png\" alt=\"ayazisa527\">\n                                    <\/a>\n            <\/div>\n                        <div class=\"candidate-info-content\">\n                        <div class=\"title-wrapper\">\n                            \n                                                        <h2 class=\"candidate-title\">\n                                <a href=\"https:\/\/www.batmanburada.com.tr\/kariyer\/aday\/ayazisa527\/\" rel=\"bookmark\">\n                                    a*****7                                <\/a>\n                            <\/h2>\n\n                                                    <\/div>\n                        <div class=\"job-metas\">\n                                                                                                            <\/div>\n                                            <\/div>\n                <\/div>\n            <\/div>\n            <div class=\"ali-right\">\n                <a title=\"Shortlist\" href=\"javascript:void(0);\" class=\"btn-action-job btn-add-candidate-shortlist btn-follow\" data-candidate_id=\"11881\" data-nonce=\"2ed80d4d8d\"><span class=\"text hidden\">Shortlist<\/span><i class=\"flaticon-bookmark\"><\/i><\/a>                <a href=\"https:\/\/www.batmanburada.com.tr\/kariyer\/aday\/ayazisa527\/\" class=\"btn btn-theme-lighten\">Profili G\u00f6r\u00fcnt\u00fcle<\/a>\n            <\/div>\n        <\/div>\n\n    <\/div>\n<\/article><!-- #post# -->\n\t\t\t\t\t\t<\/div>\n\t\t\t\t\t\t\t\t\t\t\t<div class=\"col-xs-12\">\n\t\t\t\t\t\t\t\n\n<article id=\"post-11879\" class=\"map-item candidate-card post-11879 candidate type-candidate status-publish hentry\" data-latitude=\"\" data-longitude=\"\" data-img=\"\">\n    <div class=\"candidate-list candidate-archive-layout\">\n        \n        <div class=\"flex-middle-sm\">\n            <div class=\"candidate-info\">\n                <div class=\"flex-middle\">\n                        <div class=\"candidate-logo\">\n                    <a href=\"https:\/\/www.batmanburada.com.tr\/kariyer\/aday\/mizgint992\/\">\n                                            <img decoding=\"async\" src=\"https:\/\/www.batmanburada.com.tr\/kariyer\/wp-content\/themes\/superio\/images\/placeholder.png\" alt=\"mizgint992\">\n                                    <\/a>\n            <\/div>\n                        <div class=\"candidate-info-content\">\n                        <div class=\"title-wrapper\">\n                            \n                                                        <h2 class=\"candidate-title\">\n                                <a href=\"https:\/\/www.batmanburada.com.tr\/kariyer\/aday\/mizgint992\/\" rel=\"bookmark\">\n                                    m*****2                                <\/a>\n                            <\/h2>\n\n                                                    <\/div>\n                        <div class=\"job-metas\">\n                                                                                                            <\/div>\n                                            <\/div>\n                <\/div>\n            <\/div>\n            <div class=\"ali-right\">\n                <a title=\"Shortlist\" href=\"javascript:void(0);\" class=\"btn-action-job btn-add-candidate-shortlist btn-follow\" data-candidate_id=\"11879\" data-nonce=\"2ed80d4d8d\"><span class=\"text hidden\">Shortlist<\/span><i class=\"flaticon-bookmark\"><\/i><\/a>                <a href=\"https:\/\/www.batmanburada.com.tr\/kariyer\/aday\/mizgint992\/\" class=\"btn btn-theme-lighten\">Profili G\u00f6r\u00fcnt\u00fcle<\/a>\n            <\/div>\n        <\/div>\n\n    <\/div>\n<\/article><!-- #post# -->\n\t\t\t\t\t\t<\/div>\n\t\t\t\t\t\t\t\t\t<\/div>\n\t\t\t\t\t<\/div>\n\n\t\t\n\t\n\t<\/div><div class=\"candidates-pagination-wrapper main-pagination-wrapper\">\n\t<ul class=\"pagination \"><li><span aria-current=\"page\" class=\"page-numbers current\">1<\/span><\/li><li><a class=\"page-numbers\" href=\"https:\/\/www.batmanburada.com.tr\/kariyer\/wp-json\/wp\/v2\/pages\/8364\/page\/2\/\">2<\/a><\/li><li><a class=\"page-numbers\" href=\"https:\/\/www.batmanburada.com.tr\/kariyer\/wp-json\/wp\/v2\/pages\/8364\/page\/3\/\">3<\/a><\/li><li><span class=\"page-numbers dots\">&hellip;<\/span><\/li><li><a class=\"page-numbers\" href=\"https:\/\/www.batmanburada.com.tr\/kariyer\/wp-json\/wp\/v2\/pages\/8364\/page\/112\/\">112<\/a><\/li><li><a class=\"next page-numbers\" href=\"https:\/\/www.batmanburada.com.tr\/kariyer\/wp-json\/wp\/v2\/pages\/8364\/page\/2\/\"><i class=\"ti-arrow-right\"><\/i><\/a><\/li><\/ul><\/div>\n\n","protected":false},"excerpt":{"rendered":"","protected":false},"author":1,"featured_media":0,"parent":0,"menu_order":0,"comment_status":"closed","ping_status":"closed","template":"page-candidates.php","meta":{"footnotes":""},"class_list":["post-8364","page","type-page","status-publish","hentry"],"_links":{"self":[{"href":"https:\/\/www.batmanburada.com.tr\/kariyer\/wp-json\/wp\/v2\/pages\/8364","targetHints":{"allow":["GET"]}}],"collection":[{"href":"https:\/\/www.batmanburada.com.tr\/kariyer\/wp-json\/wp\/v2\/pages"}],"about":[{"href":"https:\/\/www.batmanburada.com.tr\/kariyer\/wp-json\/wp\/v2\/types\/page"}],"author":[{"embeddable":true,"href":"https:\/\/www.batmanburada.com.tr\/kariyer\/wp-json\/wp\/v2\/users\/1"}],"replies":[{"embeddable":true,"href":"https:\/\/www.batmanburada.com.tr\/kariyer\/wp-json\/wp\/v2\/comments?post=8364"}],"version-history":[{"count":1,"href":"https:\/\/www.batmanburada.com.tr\/kariyer\/wp-json\/wp\/v2\/pages\/8364\/revisions"}],"predecessor-version":[{"id":8665,"href":"https:\/\/www.batmanburada.com.tr\/kariyer\/wp-json\/wp\/v2\/pages\/8364\/revisions\/8665"}],"wp:attachment":[{"href":"https:\/\/www.batmanburada.com.tr\/kariyer\/wp-json\/wp\/v2\/media?parent=8364"}],"curies":[{"name":"wp","href":"https:\/\/api.w.org\/{rel}","templated":true}]}}