{"id":26737,"date":"2020-01-01T12:48:33","date_gmt":"2020-01-01T12:48:33","guid":{"rendered":"http:\/\/localhost\/demo\/submit-listing\/"},"modified":"2025-04-15T15:14:38","modified_gmt":"2025-04-15T12:14:38","slug":"submit-listing","status":"publish","type":"page","link":"https:\/\/www.batmanburada.com.tr\/rehber\/submit-listing\/","title":{"rendered":"Firma Ekle"},"content":{"rendered":"<div class=\"wpb-content-wrapper\"><p>[vc_row row_type=&#8221;row_full_center_content&#8221; bg_color=&#8221;#eff3f6&#8243;][vc_column][listingpro_submit title=&#8221;Firma Ekle&#8221; subtitle=&#8221;\u0130\u015fletmeniz ile ilgili t\u00fcm detaylar\u0131 bu sayfadan girebilirsiniz.&#8221;][\/vc_column][\/vc_row]<\/p>\n<\/div>","protected":false},"excerpt":{"rendered":"<p>[vc_row row_type=&#8221;row_full_center_content&#8221; bg_color=&#8221;#eff3f6&#8243;][vc_column][listingpro_submit title=&#8221;Firma Ekle&#8221; subtitle=&#8221;\u0130\u015fletmeniz ile ilgili t\u00fcm detaylar\u0131 bu sayfadan girebilirsiniz.&#8221;][\/vc_column][\/vc_row]<\/p>\n","protected":false},"author":1,"featured_media":0,"parent":0,"menu_order":0,"comment_status":"closed","ping_status":"closed","template":"","meta":{"footnotes":""},"class_list":["post-26737","page","type-page","status-publish","hentry"],"cubewp_post_meta":[],"taxonomies":[],"_links":{"self":[{"href":"https:\/\/www.batmanburada.com.tr\/rehber\/wp-json\/wp\/v2\/pages\/26737","targetHints":{"allow":["GET"]}}],"collection":[{"href":"https:\/\/www.batmanburada.com.tr\/rehber\/wp-json\/wp\/v2\/pages"}],"about":[{"href":"https:\/\/www.batmanburada.com.tr\/rehber\/wp-json\/wp\/v2\/types\/page"}],"author":[{"embeddable":true,"href":"https:\/\/www.batmanburada.com.tr\/rehber\/wp-json\/wp\/v2\/users\/1"}],"replies":[{"embeddable":true,"href":"https:\/\/www.batmanburada.com.tr\/rehber\/wp-json\/wp\/v2\/comments?post=26737"}],"version-history":[{"count":1,"href":"https:\/\/www.batmanburada.com.tr\/rehber\/wp-json\/wp\/v2\/pages\/26737\/revisions"}],"predecessor-version":[{"id":26818,"href":"https:\/\/www.batmanburada.com.tr\/rehber\/wp-json\/wp\/v2\/pages\/26737\/revisions\/26818"}],"wp:attachment":[{"href":"https:\/\/www.batmanburada.com.tr\/rehber\/wp-json\/wp\/v2\/media?parent=26737"}],"curies":[{"name":"wp","href":"https:\/\/api.w.org\/{rel}","templated":true}]}}